{"id":32236,"date":"2025-09-26T13:41:25","date_gmt":"2025-09-26T13:41:25","guid":{"rendered":"https:\/\/alzinger-recyclingtechnik.com\/?page_id=32236"},"modified":"2025-09-26T13:42:57","modified_gmt":"2025-09-26T13:42:57","slug":"datenschutzerklaerung","status":"publish","type":"page","link":"https:\/\/alzinger-recyclingtechnik.com\/pl\/datenschutzerklaerung\/","title":{"rendered":"Datenschutzerkl\u00e4rung"},"content":{"rendered":"\t\t<div data-elementor-type=\"wp-page\" data-elementor-id=\"32236\" class=\"elementor elementor-32236\" data-elementor-post-type=\"page\">\n\t\t\t\t<div class=\"elementor-element elementor-element-0575609 thegem-e-con-layout-thegem e-flex e-con-boxed e-con e-parent\" data-id=\"0575609\" data-element_type=\"container\" data-e-type=\"container\" data-settings=\"{&quot;thegem_container_layout&quot;:&quot;thegem&quot;}\">\r\n\t\t\t\t\t<div class=\"e-con-inner\">\r\n\t\t\t\t<div class=\"elementor-element elementor-element-e3dcb05 flex-horizontal-align-default flex-horizontal-align-tablet-default flex-horizontal-align-mobile-default flex-vertical-align-default flex-vertical-align-tablet-default flex-vertical-align-mobile-default elementor-widget elementor-widget-heading\" data-id=\"e3dcb05\" data-element_type=\"widget\" data-e-type=\"widget\" data-widget_type=\"heading.default\">\n\t\t\t\t\t<h2 class=\"elementor-heading-title elementor-size-default\">Datenschutzerkl\u00e4rung<\/h2>\t\t\t\t<\/div>\n\t\t\t\t\t<\/div>\n\t\t\t\t<\/div>\n\t\t<div class=\"elementor-element elementor-element-53a79db thegem-e-con-layout-thegem e-flex e-con-boxed e-con e-parent\" data-id=\"53a79db\" data-element_type=\"container\" data-e-type=\"container\" data-settings=\"{&quot;thegem_container_layout&quot;:&quot;thegem&quot;}\">\r\n\t\t\t\t\t<div class=\"e-con-inner\">\r\n\t\t\t\t<div class=\"elementor-element elementor-element-617f78b flex-horizontal-align-default flex-horizontal-align-tablet-default flex-horizontal-align-mobile-default flex-vertical-align-default flex-vertical-align-tablet-default flex-vertical-align-mobile-default elementor-widget elementor-widget-text-editor\" data-id=\"617f78b\" data-element_type=\"widget\" data-e-type=\"widget\" data-widget_type=\"text-editor.default\">\n\t\t\t\t\t\t\t\t\t\t\t\t<div class=\"elementor-text-editor elementor-clearfix\">\r\n\t\t\t\t\t\t<p>\u00a0<\/p><ol><li><strong>Datenschutz auf einen Blick<\/strong><p><strong>Allgemeine Hinweise<\/strong><br \/>Die folgenden Hinweise geben einen einfachen \u00dcberblick dar\u00fcber, was mit Ihren personenbezogenen Daten passiert, wenn Sie diese Website besuchen. Personenbezogene Daten sind alle Daten, mit denen Sie pers\u00f6nlich identifiziert werden k\u00f6nnen. Ausf\u00fchrliche Informationen zum Thema Datenschutz entnehmen Sie unserer unter diesem Text aufgef\u00fchrten Datenschutzerkl\u00e4rung.<\/p><p><strong>Datenerfassung auf dieser Website<\/strong><br \/>Die Datenverarbeitung auf dieser Website erfolgt durch den Websitebetreiber. Dessen Kontaktdaten k\u00f6nnen Sie dem Abschnitt \u201eHinweis zur verantwortlichen Stelle\u201c in dieser Datenschutzerkl\u00e4rung entnehmen.<\/p><p><strong>Wie erfassen wir Ihre Daten?<\/strong><br \/>Ihre Daten werden zum einen dadurch erhoben, dass Sie uns diese mitteilen. Hierbei kann es sich z. B. um Daten handeln, die Sie in ein Kontaktformular eingeben. Andere Daten werden automatisch oder nach Ihrer Einwilligung beim Besuch der Website durch unsere IT-Systeme erfasst. Das sind vor allem technische Daten (z. B. Internetbrowser, Betriebssystem oder Uhrzeit des Seitenaufrufs). Die Erfassung dieser Daten erfolgt automatisch, sobald Sie diese Website betreten.<\/p><p><strong>Wof\u00fcr nutzen wir Ihre Daten?<\/strong><br \/>Ein Teil der Daten wird erhoben, um eine fehlerfreie Bereitstellung der Website zu gew\u00e4hrleisten. Andere Daten k\u00f6nnen zur Analyse Ihres Nutzerverhaltens verwendet werden. Sofern \u00fcber die Website Vertr\u00e4ge geschlossen oder angebahnt werden k\u00f6nnen, werden die \u00fcbermittelten Daten auch f\u00fcr Vertragsangebote, Bestellungen oder sonstige Auftragsanfragen verarbeitet.<\/p><p><strong>Welche Rechte haben Sie bez\u00fcglich Ihrer Daten?<\/strong><br \/>Sie haben jederzeit das Recht, unentgeltlich Auskunft \u00fcber Herkunft, Empf\u00e4nger und Zweck Ihrer gespeicherten personenbezogenen Daten zu erhalten. Sie haben au\u00dferdem ein Recht, die Berichtigung oder L\u00f6schung dieser Daten zu verlangen. Wenn Sie eine Einwilligung zur Datenverarbeitung erteilt haben, k\u00f6nnen Sie diese Einwilligung jederzeit f\u00fcr die Zukunft widerrufen. Au\u00dferdem haben Sie das Recht, unter bestimmten Umst\u00e4nden die Einschr\u00e4nkung der Verarbeitung Ihrer personenbezogenen Daten zu verlangen. Des Weiteren steht Ihnen ein Beschwerderecht bei der zust\u00e4ndigen Aufsichtsbeh\u00f6rde zu.<\/p><\/li><li><strong>Hosting<\/strong><p><strong>Externes Hosting<\/strong><br \/>Diese Website wird extern gehostet. Die personenbezogenen Daten, die auf dieser Website erfasst werden, werden auf den Servern des Hosters gespeichert. Hierbei handelt es sich vor allem um IP-Adressen, Kontaktanfragen, Meta- und Kommunikationsdaten, Vertragsdaten, Kontaktdaten, Namen, Websitezugriffe und sonstige Daten, die \u00fcber eine Website generiert werden. Das externe Hosting erfolgt zum Zwecke der Vertragserf\u00fcllung gegen\u00fcber unseren potenziellen und bestehenden Kunden (Art. 6 Abs. 1 lit. b DSGVO) und im Interesse einer sicheren, schnellen und effizienten Bereitstellung unseres Online-Angebots durch einen professionellen Anbieter (Art. 6 Abs. 1 lit. f DSGVO). Sofern eine entsprechende Einwilligung abgefragt wurde, erfolgt die Verarbeitung ausschlie\u00dflich auf Grundlage von Art. 6 Abs. 1 lit. a DSGVO und \u00a7 25 Abs. 1 TDDDG, soweit die Einwilligung die Speicherung von Cookies oder den Zugriff auf Informationen im Endger\u00e4t des Nutzers (z. B. Device-Fingerprinting) im Sinne des TDDDG umfasst. Die Einwilligung ist jederzeit widerrufbar.<\/p><p><strong>Hoster<\/strong><br \/>Wir setzen folgenden Hoster ein: Hostinger.<\/p><p><strong>Auftragsverarbeitung<\/strong><br \/>Wir haben einen Vertrag \u00fcber Auftragsverarbeitung (AVV) zur Nutzung des oben genannten Dienstes geschlossen. Hierbei handelt es sich um einen datenschutzrechtlich vorgeschriebenen Vertrag, der gew\u00e4hrleistet, dass dieser die personenbezogenen Daten unserer Websitebesucher nur nach unseren Weisungen und unter Einhaltung der DSGVO verarbeitet.<\/p><\/li><li><strong>Allgemeine Hinweise und Pflichtinformationen<\/strong><p><strong>Datenschutz<\/strong><br \/>Die Betreiber dieser Seiten nehmen den Schutz Ihrer pers\u00f6nlichen Daten sehr ernst. Wir behandeln Ihre personenbezogenen Daten vertraulich und entsprechend den gesetzlichen Datenschutzvorschriften sowie dieser Datenschutzerkl\u00e4rung.<\/p><p><strong>Hinweis zur verantwortlichen Stelle<\/strong><br \/>Verantwortliche Stelle f\u00fcr die Datenverarbeitung auf dieser Website ist:<\/p><p>Alzinger Maschinenbau GmbH<br \/>Am Gewerbering 14<br \/>D-84069 Schierling<br \/>Telefon: +49 170 333 602 5<br \/>E-Mail: <a rel=\"noopener\">richard@alzinger-maschinenbau.de<\/a><br \/>Internet: alzinger-maschinenbau.de<\/p><p>Verantwortliche Stelle ist die nat\u00fcrliche oder juristische Person, die allein oder gemeinsam mit anderen \u00fcber die Zwecke und Mittel der Verarbeitung von personenbezogenen Daten (z. B. Namen, E-Mail-Adressen o. \u00c4.) entscheidet.<\/p><p><strong>Speicherdauer<\/strong><br \/>Soweit innerhalb dieser Datenschutzerkl\u00e4rung keine speziellere Speicherdauer genannt wurde, verbleiben Ihre personenbezogenen Daten bei uns, bis der Zweck f\u00fcr die Datenverarbeitung entf\u00e4llt. Wenn Sie ein berechtigtes L\u00f6schersuchen geltend machen oder eine Einwilligung zur Datenverarbeitung widerrufen, werden Ihre Daten gel\u00f6scht, sofern wir keine anderen rechtlich zul\u00e4ssigen Gr\u00fcnde f\u00fcr die Speicherung Ihrer personenbezogenen Daten haben.<\/p><p><strong>Rechtsgrundlagen der Datenverarbeitung<\/strong><br \/>Ihre personenbezogenen Daten werden auf Grundlage von Art. 6 Abs. 1 lit. a DSGVO verarbeitet, sofern Sie Ihre Einwilligung gegeben haben. Falls die Verarbeitung zur Erf\u00fcllung eines Vertrags oder vorvertraglicher Ma\u00dfnahmen erforderlich ist, erfolgt sie auf Grundlage von Art. 6 Abs. 1 lit. b DSGVO. Weitere m\u00f6gliche Rechtsgrundlagen umfassen Art. 6 Abs. 1 lit. c (rechtliche Verpflichtungen) und Art. 6 Abs. 1 lit. f DSGVO (berechtigtes Interesse).<\/p><\/li><li><strong>Empf\u00e4nger von personenbezogenen Daten<\/strong><p>Im Rahmen unserer Gesch\u00e4ftst\u00e4tigkeit arbeiten wir mit verschiedenen externen Stellen zusammen. Personenbezogene Daten werden nur dann an externe Stellen weitergegeben, wenn dies im Rahmen einer Vertragserf\u00fcllung erforderlich ist, eine gesetzliche Verpflichtung besteht oder ein berechtigtes Interesse vorliegt. Beim Einsatz von Auftragsverarbeitern erfolgt die Weitergabe personenbezogener Daten unserer Kunden nur auf Grundlage eines g\u00fcltigen Auftragsverarbeitungsvertrags.<\/p><\/li><li><strong>Widerruf und Widerspruchsrecht<\/strong><p><strong>Widerruf Ihrer Einwilligung<\/strong><br \/>Sie k\u00f6nnen eine bereits erteilte Einwilligung zur Datenverarbeitung jederzeit widerrufen. Die bis zum Widerruf erfolgte Datenverarbeitung bleibt rechtm\u00e4\u00dfig.<\/p><p><strong>Widerspruchsrecht (Art. 21 DSGVO)<\/strong><br \/>Sie haben das Recht, aus Gr\u00fcnden, die sich aus Ihrer besonderen Situation ergeben, gegen die Verarbeitung Ihrer personenbezogenen Daten Widerspruch einzulegen, wenn diese auf Art. 6 Abs. 1 lit. e oder f DSGVO basiert.<\/p><\/li><li><strong>Beschwerderecht bei der zust\u00e4ndigen Aufsichtsbeh\u00f6rde<\/strong><p>Im Falle von Verst\u00f6\u00dfen gegen die DSGVO steht Ihnen ein Beschwerderecht bei einer Aufsichtsbeh\u00f6rde, insbesondere in dem Mitgliedstaat Ihres gew\u00f6hnlichen Aufenthalts, Ihres Arbeitsplatzes oder des Orts des mutma\u00dflichen Versto\u00dfes zu.<\/p><\/li><li><strong>Recht auf Daten\u00fcbertragbarkeit<\/strong><p>Sie haben das Recht, Daten, die wir auf Grundlage Ihrer Einwilligung oder in Erf\u00fcllung eines Vertrags automatisiert verarbeiten, an sich oder an einen Dritten in einem g\u00e4ngigen, maschinenlesbaren Format aush\u00e4ndigen zu lassen.<\/p><\/li><li><strong>Auskunft, Berichtigung und L\u00f6schung<\/strong><p>Sie haben jederzeit das Recht auf unentgeltliche Auskunft \u00fcber Ihre gespeicherten personenbezogenen Daten sowie ein Recht auf Berichtigung oder L\u00f6schung dieser Daten.<\/p><\/li><li><strong>SSL- bzw. TLS-Verschl\u00fcsselung<\/strong><p>Diese Seite nutzt aus Sicherheitsgr\u00fcnden eine SSL- bzw. TLS-Verschl\u00fcsselung.<\/p><\/li><\/ol>\t\t\t\t\t\t\t<\/div>\r\n\t\t\t\t\t\t\t\t\t\t<\/div>\n\t\t\t\t\t<\/div>\n\t\t\t\t<\/div>\n\t\t\t\t<\/div>\n\t\t","protected":false},"excerpt":{"rendered":"<p>Datenschutzerkl\u00e4rung \u00a0 Datenschutz auf einen Blick Allgemeine HinweiseDie folgenden Hinweise geben einen einfachen \u00dcberblick dar\u00fcber, was mit Ihren personenbezogenen Daten&#8230;<\/p>\n","protected":false},"author":1,"featured_media":0,"parent":0,"menu_order":0,"comment_status":"closed","ping_status":"closed","template":"page-fullwidth.php","meta":{"footnotes":""},"class_list":["post-32236","page","type-page","status-publish"],"_links":{"self":[{"href":"https:\/\/alzinger-recyclingtechnik.com\/pl\/wp-json\/wp\/v2\/pages\/32236","targetHints":{"allow":["GET"]}}],"collection":[{"href":"https:\/\/alzinger-recyclingtechnik.com\/pl\/wp-json\/wp\/v2\/pages"}],"about":[{"href":"https:\/\/alzinger-recyclingtechnik.com\/pl\/wp-json\/wp\/v2\/types\/page"}],"author":[{"embeddable":true,"href":"https:\/\/alzinger-recyclingtechnik.com\/pl\/wp-json\/wp\/v2\/users\/1"}],"replies":[{"embeddable":true,"href":"https:\/\/alzinger-recyclingtechnik.com\/pl\/wp-json\/wp\/v2\/comments?post=32236"}],"version-history":[{"count":4,"href":"https:\/\/alzinger-recyclingtechnik.com\/pl\/wp-json\/wp\/v2\/pages\/32236\/revisions"}],"predecessor-version":[{"id":32247,"href":"https:\/\/alzinger-recyclingtechnik.com\/pl\/wp-json\/wp\/v2\/pages\/32236\/revisions\/32247"}],"wp:attachment":[{"href":"https:\/\/alzinger-recyclingtechnik.com\/pl\/wp-json\/wp\/v2\/media?parent=32236"}],"curies":[{"name":"wp","href":"https:\/\/api.w.org\/{rel}","templated":true}]}}