{"id":32231,"date":"2025-09-26T13:39:36","date_gmt":"2025-09-26T13:39:36","guid":{"rendered":"https:\/\/alzinger-recyclingtechnik.com\/?page_id=32231"},"modified":"2025-09-26T13:40:24","modified_gmt":"2025-09-26T13:40:24","slug":"impressum","status":"publish","type":"page","link":"https:\/\/alzinger-recyclingtechnik.com\/pl\/impressum\/","title":{"rendered":"Impressum"},"content":{"rendered":"\t\t<div data-elementor-type=\"wp-page\" data-elementor-id=\"32231\" class=\"elementor elementor-32231\" data-elementor-post-type=\"page\">\n\t\t\t\t<div class=\"elementor-element elementor-element-0575609 thegem-e-con-layout-thegem e-flex e-con-boxed e-con e-parent\" data-id=\"0575609\" data-element_type=\"container\" data-e-type=\"container\" data-settings=\"{&quot;thegem_container_layout&quot;:&quot;thegem&quot;}\">\r\n\t\t\t\t\t<div class=\"e-con-inner\">\r\n\t\t\t\t<div class=\"elementor-element elementor-element-e3dcb05 flex-horizontal-align-default flex-horizontal-align-tablet-default flex-horizontal-align-mobile-default flex-vertical-align-default flex-vertical-align-tablet-default flex-vertical-align-mobile-default elementor-widget elementor-widget-heading\" data-id=\"e3dcb05\" data-element_type=\"widget\" data-e-type=\"widget\" data-widget_type=\"heading.default\">\n\t\t\t\t\t<h2 class=\"elementor-heading-title elementor-size-default\">Impressum<\/h2>\t\t\t\t<\/div>\n\t\t\t\t\t<\/div>\n\t\t\t\t<\/div>\n\t\t<div class=\"elementor-element elementor-element-53a79db thegem-e-con-layout-thegem e-flex e-con-boxed e-con e-parent\" data-id=\"53a79db\" data-element_type=\"container\" data-e-type=\"container\" data-settings=\"{&quot;thegem_container_layout&quot;:&quot;thegem&quot;}\">\r\n\t\t\t\t\t<div class=\"e-con-inner\">\r\n\t\t\t\t<div class=\"elementor-element elementor-element-617f78b flex-horizontal-align-default flex-horizontal-align-tablet-default flex-horizontal-align-mobile-default flex-vertical-align-default flex-vertical-align-tablet-default flex-vertical-align-mobile-default elementor-widget elementor-widget-text-editor\" data-id=\"617f78b\" data-element_type=\"widget\" data-e-type=\"widget\" data-widget_type=\"text-editor.default\">\n\t\t\t\t\t\t\t\t\t\t\t\t<div class=\"elementor-text-editor elementor-clearfix\">\r\n\t\t\t\t\t\t<div id=\"Impressum\" class=\"w3-container\"><h2>Alzinger Maschinenbau GmbH<\/h2><h3>Gesch\u00e4ftsf\u00fchrung<\/h3><p>Richard Alzinger<br \/>Martin Alzinger<\/p><\/div><div class=\"w3-row-padding\"><div class=\"w3-col w3-half w3-margin-bottom\"><h3>Firmensitz<\/h3><p>Am Gewerbering 14<br \/>D-84069 Schierling<br \/>Telefon: \u00a0<a href=\"tel:+491703336025\">+49 170 333 602 5<\/a><br \/>E-mail: \u00a0\u00a0<a href=\"mailto:richard@alzinger-maschinenbau.de\">richard@alzinger-maschinenbau.de<\/a><br \/>Internet:\u00a0<a href=\"https:\/\/alzinger-maschinenbau.de\/\" target=\"_blank\" rel=\"noopener\">alzinger-maschinenbau.de<\/a><\/p><\/div><div class=\"w3-col w3-half w3-margin-bottom\"><h3>Gerichtsstand<\/h3><p>Amtsgericht Regensburg<br \/>Steuernr.: 244 \/ 121 \/ 52189<br \/>UstIDNr.: DE319071505<br \/>HRB-Nr: 16660<\/p><\/div><\/div><div class=\"w3-container\"><h3>Hinweis aus rechtlichen Gr\u00fcnden<\/h3><p>Den Betreibern von Alzinger Maschinenbau GmbH ist es nicht m\u00f6glich, die Inhalte von Seiten, auf die per Link verwiesen wird, st\u00e4ndig zu kontrollieren. Auf die Inhalte dieser Seiten hat Alzinger Maschinenbau GmbH keinerlei Einfluss. Daher distanzieren sich die Betreiber von Alzinger Maschinenbau GmbH ausdr\u00fccklich von den Inhalten fremder Internetangebote, auf die im Rahmen von Alzinger Maschinenbau GmbH verwiesen wird.<\/p><h4>Haftungsausschluss<\/h4><h5>Haftung f\u00fcr Inhalte<\/h5><p>Die Inhalte unserer Seiten wurden mit gr\u00f6\u00dfter Sorgfalt erstellt. F\u00fcr die Richtigkeit, Vollst\u00e4ndigkeit und Aktualit\u00e4t der Inhalte k\u00f6nnen wir jedoch keine Gew\u00e4hr \u00fcbernehmen. Als Diensteanbieter sind wir gem\u00e4\u00df \u00a7 7 Abs.1 TMG f\u00fcr eigene Inhalte auf diesen Seiten nach den allgemeinen Gesetzen verantwortlich. Nach \u00a7\u00a7 8 bis 10 TMG sind wir als Diensteanbieter jedoch nicht verpflichtet, \u00fcbermittelte oder gespeicherte fremde Informationen zu \u00fcberwachen oder nach Umst\u00e4nden zu forschen, die auf eine rechtswidrige T\u00e4tigkeit hinweisen. Verpflichtungen zur Entfernung oder Sperrung der Nutzung von Informationen nach den allgemeinen Gesetzen bleiben hiervon unber\u00fchrt. Eine diesbez\u00fcgliche Haftung ist jedoch erst ab dem Zeitpunkt der Kenntnis einer konkreten Rechtsverletzung m\u00f6glich. Bei Bekanntwerden von entsprechenden Rechtsverletzungen werden wir diese Inhalte umgehend entfernen.<\/p><h5>Haftung f\u00fcr Links<\/h5><p>Unser Angebot enth\u00e4lt Links zu externen Webseiten Dritter, auf deren Inhalte wir keinen Einfluss haben. Deshalb k\u00f6nnen wir f\u00fcr diese fremden Inhalte auch keine Gew\u00e4hr \u00fcbernehmen. F\u00fcr die Inhalte der verlinkten Seiten ist stets der jeweilige Anbieter oder Betreiber der Seiten verantwortlich. Die verlinkten Seiten wurden zum Zeitpunkt der Verlinkung auf m\u00f6gliche Rechtsverst\u00f6\u00dfe \u00fcberpr\u00fcft. Rechtswidrige Inhalte waren zum Zeitpunkt der Verlinkung nicht erkennbar. Eine permanente inhaltliche Kontrolle der verlinkten Seiten ist jedoch ohne konkrete Anhaltspunkte einer Rechtsverletzung nicht zumutbar. Bei Bekanntwerden von Rechtsverletzungen werden wir derartige Links umgehend entfernen.<\/p><h5>Urheberrecht<\/h5><p>Die durch die Seitenbetreiber erstellten Inhalte und Werke auf diesen Seiten unterliegen dem deutschen Urheberrecht. Die Vervielf\u00e4ltigung, Bearbeitung, Verbreitung und jede Art der Verwertung au\u00dferhalb der Grenzen des Urheberrechtes bed\u00fcrfen der schriftlichen Zustimmung des jeweiligen Autors bzw. Erstellers. Downloads und Kopien dieser Seite sind nur f\u00fcr den privaten, nicht kommerziellen Gebrauch gestattet. Soweit die Inhalte auf dieser Seite nicht vom Betreiber erstellt wurden, werden die Urheberrechte Dritter beachtet. Insbesondere werden Inhalte Dritter als solche gekennzeichnet. Sollten Sie trotzdem auf eine Urheberrechtsverletzung aufmerksam werden, bitten wir um einen entsprechenden Hinweis. Bei Bekanntwerden von Rechtsverletzungen werden wir derartige Inhalte umgehend entfernen.<\/p><h5>Pflichtinformation nach der Verordnung (EU) Nr. 524\/2013 des Europ\u00e4ischen Parlaments und Rats<\/h5><p>Link zur Homepage der Stelle f\u00fcr die Online-Beilegung verbraucherrechtlicher Streitigkeiten der Europ\u00e4ischen Kommission: http:\/\/ec.europa.eu\/consumers\/odr\/ \u2013 weiterf\u00fchrende Informationen stehen Ihnen dort voraussichtlich ab dem 15.02.2016 zur Verf\u00fcgung. F\u00fcr erste Fragen zu einer m\u00f6glichen Streitschlichtung stehen wir Ihnen unter richard@alzinger-maschinenbau.de zur Verf\u00fcgung.<\/p><\/div>\t\t\t\t\t\t\t<\/div>\r\n\t\t\t\t\t\t\t\t\t\t<\/div>\n\t\t\t\t\t<\/div>\n\t\t\t\t<\/div>\n\t\t\t\t<\/div>\n\t\t","protected":false},"excerpt":{"rendered":"<p>Impressum Alzinger Maschinenbau GmbH Gesch\u00e4ftsf\u00fchrung Richard AlzingerMartin Alzinger Firmensitz Am Gewerbering 14D-84069 SchierlingTelefon: \u00a0+49 170 333 602 5E-mail: \u00a0\u00a0richard@alzinger-maschinenbau.deInternet:\u00a0alzinger-maschinenbau.de Gerichtsstand&#8230;<\/p>\n","protected":false},"author":1,"featured_media":0,"parent":0,"menu_order":0,"comment_status":"closed","ping_status":"closed","template":"page-fullwidth.php","meta":{"footnotes":""},"class_list":["post-32231","page","type-page","status-publish"],"_links":{"self":[{"href":"https:\/\/alzinger-recyclingtechnik.com\/pl\/wp-json\/wp\/v2\/pages\/32231","targetHints":{"allow":["GET"]}}],"collection":[{"href":"https:\/\/alzinger-recyclingtechnik.com\/pl\/wp-json\/wp\/v2\/pages"}],"about":[{"href":"https:\/\/alzinger-recyclingtechnik.com\/pl\/wp-json\/wp\/v2\/types\/page"}],"author":[{"embeddable":true,"href":"https:\/\/alzinger-recyclingtechnik.com\/pl\/wp-json\/wp\/v2\/users\/1"}],"replies":[{"embeddable":true,"href":"https:\/\/alzinger-recyclingtechnik.com\/pl\/wp-json\/wp\/v2\/comments?post=32231"}],"version-history":[{"count":4,"href":"https:\/\/alzinger-recyclingtechnik.com\/pl\/wp-json\/wp\/v2\/pages\/32231\/revisions"}],"predecessor-version":[{"id":32235,"href":"https:\/\/alzinger-recyclingtechnik.com\/pl\/wp-json\/wp\/v2\/pages\/32231\/revisions\/32235"}],"wp:attachment":[{"href":"https:\/\/alzinger-recyclingtechnik.com\/pl\/wp-json\/wp\/v2\/media?parent=32231"}],"curies":[{"name":"wp","href":"https:\/\/api.w.org\/{rel}","templated":true}]}}