{"id":31769,"date":"2025-09-24T13:47:45","date_gmt":"2025-09-24T13:47:45","guid":{"rendered":"https:\/\/alzinger-recyclingtechnik.com\/?page_id=31769"},"modified":"2026-03-13T09:11:43","modified_gmt":"2026-03-13T09:11:43","slug":"primaerholz","status":"publish","type":"page","link":"https:\/\/alzinger-recyclingtechnik.com\/pl\/primaerholz\/","title":{"rendered":"Prim\u00e4rholz"},"content":{"rendered":"\t\t<div data-elementor-type=\"wp-page\" data-elementor-id=\"31769\" class=\"elementor elementor-31769\" data-elementor-post-type=\"page\">\n\t\t\t\t\t\t<section class=\"elementor-section elementor-top-section elementor-element elementor-element-4101176b elementor-section-boxed elementor-section-height-default elementor-section-height-default\" data-id=\"4101176b\" data-element_type=\"section\" data-e-type=\"section\" data-settings=\"{&quot;background_background&quot;:&quot;classic&quot;,&quot;shape_divider_bottom&quot;:&quot;tilt&quot;}\">\r\n\t\t\t\t\t<div class=\"elementor-shape elementor-shape-bottom\" data-negative=\"false\">\r\n\t\t\t<svg xmlns=\"http:\/\/www.w3.org\/2000\/svg\" viewBox=\"0 0 1000 100\" preserveAspectRatio=\"none\">\n\t<path class=\"elementor-shape-fill\" d=\"M0,6V0h1000v100L0,6z\"\/>\n<\/svg>\t\t<\/div>\r\n\t\t\t\t\t<div class=\"elementor-container elementor-column-gap-thegem\"><div class=\"elementor-row\">\r\n\t\t\t\t\t<div class=\"elementor-column elementor-col-100 elementor-top-column elementor-element elementor-element-1624ee9c\" data-id=\"1624ee9c\" data-element_type=\"column\" data-e-type=\"column\" data-settings=\"{&quot;thegem_inline_elements&quot;:&quot;yes&quot;}\">\n\t\t\t<div class=\"elementor-widget-wrap elementor-element-populated\">\n\t\t\t\t\t\t<div class=\"elementor-element elementor-element-89cf7cc elementor-widget__width-auto flex-horizontal-align-default flex-horizontal-align-tablet-default flex-horizontal-align-mobile-default flex-vertical-align-default flex-vertical-align-tablet-default flex-vertical-align-mobile-default elementor-widget elementor-widget-heading\" data-id=\"89cf7cc\" data-element_type=\"widget\" data-e-type=\"widget\" data-widget_type=\"heading.default\">\n\t\t\t\t\t<div class=\"title-h1 elementor-heading-title elementor-size-default\">Kernpunkte<\/div>\t\t\t\t<\/div>\n\t\t\t\t<section class=\"elementor-section elementor-inner-section elementor-element elementor-element-dca02d5 elementor-section-boxed elementor-section-height-default elementor-section-height-default\" data-id=\"dca02d5\" data-element_type=\"section\" data-e-type=\"section\">\r\n\t\t\t\t\t\t<div class=\"elementor-container elementor-column-gap-thegem\"><div class=\"elementor-row\">\r\n\t\t\t\t\t<div class=\"elementor-column elementor-col-33 elementor-inner-column elementor-element elementor-element-2694b9b9\" data-id=\"2694b9b9\" data-element_type=\"column\" data-e-type=\"column\" data-settings=\"{&quot;thegem_inline_elements&quot;:&quot;yes&quot;}\">\n\t\t\t<div class=\"elementor-widget-wrap elementor-element-populated\">\n\t\t\t\t\t\t<div class=\"elementor-element elementor-element-19cb6140 flex-horizontal-align-default flex-horizontal-align-tablet-default flex-horizontal-align-mobile-default flex-vertical-align-default flex-vertical-align-tablet-default flex-vertical-align-mobile-default elementor-widget elementor-widget-thegem-quickfinders\" data-id=\"19cb6140\" data-element_type=\"widget\" data-e-type=\"widget\" data-settings=\"{&quot;thegem_elementor_preset&quot;:&quot;grid-basic-right-align&quot;}\" data-widget_type=\"thegem-quickfinders.default\">\n\t\t\t\t<div class=\"elementor-widget-container\">\n\t\t\t\t\t\n<div class=\"quickfinder row inline-row quickfinder-style-grid-basic-right-align\">\n\t\t\t<div class=\"lazy-loading  quickfinder-item inline-column col-md-12 col-sm-12 col-xs-12\">\n\n\t\t\t\n\t\t\t\t<div class=\"quickfinder-item-inner icon-top icon-horizontal-right icon-wrapping-inline centered-box button-bottom lazy-loading-item\" data-ll-effect=\"fading\" data-ll-item-delay=\"200\"> \n\n\t\t\t\t\t\t\t\t\t\t\t<div class=\"quickfinder-icon-container\">\n\n\t<div class=\"connector-container\">\n\t\t<span><\/span>\n\t<\/div>\n\n\t<div class=\"gem-qf-icon-image-wrapper lazy-loading-item\" data-ll-effect=\"clip\">\n\t\t\t\t\t<div class=\"gem-image\">\n\t\t\t\t<span>\n\t\t\t\t\t<img width=\"150\" height=\"150\" src=\"https:\/\/alzinger-recyclingtechnik.com\/wp-content\/uploads\/2025\/09\/generell-Staubbelastung-150x150.webp\" class=\"attachment-thumbnail size-thumbnail wp-image-31609\" alt=\"\" srcset=\"https:\/\/alzinger-recyclingtechnik.com\/wp-content\/uploads\/2025\/09\/generell-Staubbelastung-150x150.webp 150w, https:\/\/alzinger-recyclingtechnik.com\/wp-content\/uploads\/2025\/09\/generell-Staubbelastung-256x256.webp 256w\" sizes=\"(max-width: 150px) 100vw, 150px\" \/>\t\t\t\t<\/span>\n\t\t\t<\/div>\n\n\n\t\t\n\t\t\t<\/div>\n\n\t<div class=\"connector-container\">\n\t\t<span><\/span>\n\t<\/div>\n\n<\/div>\n\n\t\t\t\t\t\n\t\t\t\t\t<div class=\"quickfinder-item-info-wrapper\"> \n\t\t\t\t\t\t<div class=\"quickfinder-item-info lazy-loading-item\" data-ll-effect=\"fading\" data-ll-item-delay=\"200\">\n\t\n\t\t<h5 class=\"quickfinder-title title-h5 bold\">\n\t\t\tEnorme Staubbelastung\t\t<\/h5>\n\t\n\t\n\t\t<div class=\"quickfinder-description gem-text-output\">\n\t\t\t<p data-start=\"121\" data-end=\"295\">Beim Zerkleinern von Holz entsteht feiner Staub. Durch eine Wasserspr\u00fchanlage wird dieser direkt gebunden, wodurch Umwelt und Anlage gesch\u00fctzt bleiben.<\/p>\t\t<\/div>\n\t\n\t<\/div>\t\t\t\t\t<\/div>\n\n\t\t\t\t\t\t<a href=\"#thegem-action%3Aaction%3Dlightbox%26settings%3DeyJ1cmwiOiJodHRwOlwvXC9hbHppbmdlci1yZWN5Y2xpbmd0ZWNobmlrLmNvbVwvd3AtY29udGVudFwvdXBsb2Fkc1wvMjAyNVwvMDlcL2dlbmVyZWxsLVN0YXViYmVsYXN0dW5nLndlYnAiLCJ0eXBlIjoiaW1hZ2UifQ%3D%3D\" class=\"quickfinder-item-link\" aria-label=\"Read more\"><\/a>\n\n\t\t\t\t<\/div>\n\n\t\t\t\t\t<\/div>\n\t<\/div>\n\t\t\t\t<\/div>\n\t\t\t\t<\/div>\n\t\t\t\t\t<\/div>\n\t\t<\/div>\n\t\t\t\t<div class=\"elementor-column elementor-col-33 elementor-inner-column elementor-element elementor-element-54480aff\" data-id=\"54480aff\" data-element_type=\"column\" data-e-type=\"column\" data-settings=\"{&quot;thegem_inline_elements&quot;:&quot;yes&quot;}\">\n\t\t\t<div class=\"elementor-widget-wrap elementor-element-populated\">\n\t\t\t\t\t\t<div class=\"elementor-element elementor-element-489141dc flex-horizontal-align-default flex-horizontal-align-tablet-default flex-horizontal-align-mobile-default flex-vertical-align-default flex-vertical-align-tablet-default flex-vertical-align-mobile-default elementor-widget elementor-widget-thegem-quickfinders\" data-id=\"489141dc\" data-element_type=\"widget\" data-e-type=\"widget\" data-settings=\"{&quot;thegem_elementor_preset&quot;:&quot;grid-basic-right-align&quot;}\" data-widget_type=\"thegem-quickfinders.default\">\n\t\t\t\t<div class=\"elementor-widget-container\">\n\t\t\t\t\t\n<div class=\"quickfinder row inline-row quickfinder-style-grid-basic-right-align\">\n\t\t\t<div class=\"lazy-loading  quickfinder-item inline-column col-md-12 col-sm-12 col-xs-12\">\n\n\t\t\t\n\t\t\t\t<div class=\"quickfinder-item-inner icon-top icon-horizontal-right icon-wrapping-inline centered-box button-bottom lazy-loading-item\" data-ll-effect=\"fading\" data-ll-item-delay=\"200\"> \n\n\t\t\t\t\t\t\t\t\t\t\t<div class=\"quickfinder-icon-container\">\n\n\t<div class=\"connector-container\">\n\t\t<span><\/span>\n\t<\/div>\n\n\t<div class=\"gem-qf-icon-image-wrapper lazy-loading-item\" data-ll-effect=\"clip\">\n\t\t\t\t\t<div class=\"gem-image\">\n\t\t\t\t<span>\n\t\t\t\t\t<img width=\"150\" height=\"150\" src=\"https:\/\/alzinger-recyclingtechnik.com\/wp-content\/uploads\/2025\/09\/Primarholz_hoher-Materialdurchfluss-150x150.webp\" class=\"attachment-thumbnail size-thumbnail wp-image-31775\" alt=\"\" srcset=\"https:\/\/alzinger-recyclingtechnik.com\/wp-content\/uploads\/2025\/09\/Primarholz_hoher-Materialdurchfluss-150x150.webp 150w, https:\/\/alzinger-recyclingtechnik.com\/wp-content\/uploads\/2025\/09\/Primarholz_hoher-Materialdurchfluss-256x256.webp 256w\" sizes=\"(max-width: 150px) 100vw, 150px\" \/>\t\t\t\t<\/span>\n\t\t\t<\/div>\n\n\n\t\t\n\t\t\t<\/div>\n\n\t<div class=\"connector-container\">\n\t\t<span><\/span>\n\t<\/div>\n\n<\/div>\n\n\t\t\t\t\t\n\t\t\t\t\t<div class=\"quickfinder-item-info-wrapper\"> \n\t\t\t\t\t\t<div class=\"quickfinder-item-info lazy-loading-item\" data-ll-effect=\"fading\" data-ll-item-delay=\"200\">\n\t\n\t\t<h5 class=\"quickfinder-title title-h5 bold\">\n\t\t\tHoher Materialdurchsatz\t\t<\/h5>\n\t\n\t\n\t\t<div class=\"quickfinder-description gem-text-output\">\n\t\t\t<p data-start=\"56\" data-end=\"243\">Das Siebsystem mit Walzen erm\u00f6glicht eine besonders hohe Durchsatzleistung und sorgt f\u00fcr eine gleichm\u00e4\u00dfige, effiziente Verarbeitung auch gro\u00dfer Holzmengen.<\/p>\t\t<\/div>\n\t\n\t<\/div>\t\t\t\t\t<\/div>\n\n\t\t\t\t\t\t<a href=\"#thegem-action%3Aaction%3Dlightbox%26settings%3DeyJ1cmwiOiJodHRwOlwvXC9hbHppbmdlci1yZWN5Y2xpbmd0ZWNobmlrLmNvbVwvd3AtY29udGVudFwvdXBsb2Fkc1wvMjAyNVwvMDlcL1ByaW1hcmhvbHpfaG9oZXItTWF0ZXJpYWxkdXJjaGZsdXNzLndlYnAiLCJ0eXBlIjoiaW1hZ2UifQ%3D%3D\" target=\"_blank\" rel=\"nofollow\" class=\"quickfinder-item-link\" aria-label=\"Read more\"><\/a>\n\n\t\t\t\t<\/div>\n\n\t\t\t\t\t<\/div>\n\t<\/div>\n\t\t\t\t<\/div>\n\t\t\t\t<\/div>\n\t\t\t\t\t<\/div>\n\t\t<\/div>\n\t\t\t\t<div class=\"elementor-column elementor-col-33 elementor-inner-column elementor-element elementor-element-2b6ac66b\" data-id=\"2b6ac66b\" data-element_type=\"column\" data-e-type=\"column\" data-settings=\"{&quot;thegem_inline_elements&quot;:&quot;yes&quot;}\">\n\t\t\t<div class=\"elementor-widget-wrap elementor-element-populated\">\n\t\t\t\t\t\t<div class=\"elementor-element elementor-element-32af272a flex-horizontal-align-default flex-horizontal-align-tablet-default flex-horizontal-align-mobile-default flex-vertical-align-default flex-vertical-align-tablet-default flex-vertical-align-mobile-default elementor-widget elementor-widget-thegem-quickfinders\" data-id=\"32af272a\" data-element_type=\"widget\" data-e-type=\"widget\" data-settings=\"{&quot;thegem_elementor_preset&quot;:&quot;grid-basic-right-align&quot;}\" data-widget_type=\"thegem-quickfinders.default\">\n\t\t\t\t<div class=\"elementor-widget-container\">\n\t\t\t\t\t\n<div class=\"quickfinder row inline-row quickfinder-style-grid-basic-right-align\">\n\t\t\t<div class=\"lazy-loading  quickfinder-item inline-column col-md-12 col-sm-12 col-xs-12\">\n\n\t\t\t\n\t\t\t\t<div class=\"quickfinder-item-inner icon-top icon-horizontal-right icon-wrapping-inline centered-box button-bottom lazy-loading-item\" data-ll-effect=\"fading\" data-ll-item-delay=\"200\"> \n\n\t\t\t\t\t\t\t\t\t\t\t<div class=\"quickfinder-icon-container\">\n\n\t<div class=\"connector-container\">\n\t\t<span><\/span>\n\t<\/div>\n\n\t<div class=\"gem-qf-icon-image-wrapper lazy-loading-item\" data-ll-effect=\"clip\">\n\t\t\t\t\t<div class=\"gem-image\">\n\t\t\t\t<span>\n\t\t\t\t\t<img width=\"150\" height=\"150\" src=\"https:\/\/alzinger-recyclingtechnik.com\/wp-content\/uploads\/2025\/09\/Kompost-grobe-Bestandteile-150x150.webp\" class=\"attachment-thumbnail size-thumbnail wp-image-31738\" alt=\"\" srcset=\"https:\/\/alzinger-recyclingtechnik.com\/wp-content\/uploads\/2025\/09\/Kompost-grobe-Bestandteile-150x150.webp 150w, https:\/\/alzinger-recyclingtechnik.com\/wp-content\/uploads\/2025\/09\/Kompost-grobe-Bestandteile-256x256.webp 256w\" sizes=\"(max-width: 150px) 100vw, 150px\" \/>\t\t\t\t<\/span>\n\t\t\t<\/div>\n\n\n\t\t\n\t\t\t<\/div>\n\n\t<div class=\"connector-container\">\n\t\t<span><\/span>\n\t<\/div>\n\n<\/div>\n\n\t\t\t\t\t\n\t\t\t\t\t<div class=\"quickfinder-item-info-wrapper\"> \n\t\t\t\t\t\t<div class=\"quickfinder-item-info lazy-loading-item\" data-ll-effect=\"fading\" data-ll-item-delay=\"200\">\n\t\n\t\t<h5 class=\"quickfinder-title title-h5 bold\">\n\t\t\tGrobe Bestandteile\t\t<\/h5>\n\t\n\t\n\t\t<div class=\"quickfinder-description gem-text-output\">\n\t\t\t<p data-start=\"56\" data-end=\"237\">\u00dcberdimensionierte St\u00fccke werden zuverl\u00e4ssig ausgeschieden und in passende Fraktionen getrennt, sodass der Siebprozess stabil und ohne St\u00f6rungen verl\u00e4uft.<\/p>\t\t<\/div>\n\t\n\t<\/div>\t\t\t\t\t<\/div>\n\n\t\t\t\t\t\t<a href=\"#thegem-action%3Aaction%3Dlightbox%26settings%3DeyJ1cmwiOiJodHRwOlwvXC9hbHppbmdlci1yZWN5Y2xpbmd0ZWNobmlrLmNvbVwvd3AtY29udGVudFwvdXBsb2Fkc1wvMjAyNVwvMDlcL0tvbXBvc3QtZ3JvYmUtQmVzdGFuZHRlaWxlLndlYnAiLCJ0eXBlIjoiaW1hZ2UifQ%3D%3D\" target=\"_blank\" rel=\"nofollow\" class=\"quickfinder-item-link\" aria-label=\"Read more\"><\/a>\n\n\t\t\t\t<\/div>\n\n\t\t\t\t\t<\/div>\n\t<\/div>\n\t\t\t\t<\/div>\n\t\t\t\t<\/div>\n\t\t\t\t\t<\/div>\n\t\t<\/div>\n\t\t\t\t\t<\/div><\/div>\r\n\t\t<\/section>\r\n\t\t\t\t\t<\/div>\n\t\t<\/div>\n\t\t\t\t\t<\/div><\/div>\r\n\t\t<\/section>\r\n\t\t\t\t<section class=\"elementor-section elementor-top-section elementor-element elementor-element-1b51965d elementor-section-boxed elementor-section-height-default elementor-section-height-default\" data-id=\"1b51965d\" data-element_type=\"section\" data-e-type=\"section\" data-settings=\"{&quot;background_background&quot;:&quot;classic&quot;}\">\r\n\t\t\t\t\t\t<div class=\"elementor-container elementor-column-gap-thegem\"><div class=\"elementor-row\">\r\n\t\t\t\t\t<div class=\"elementor-column elementor-col-100 elementor-top-column elementor-element elementor-element-63c47170\" data-id=\"63c47170\" data-element_type=\"column\" data-e-type=\"column\" data-settings=\"{&quot;thegem_inline_elements&quot;:&quot;yes&quot;}\">\n\t\t\t<div class=\"elementor-widget-wrap elementor-element-populated\">\n\t\t\t\t\t\t<section class=\"elementor-section elementor-inner-section elementor-element elementor-element-3bd9a987 elementor-section-boxed elementor-section-height-default elementor-section-height-default\" data-id=\"3bd9a987\" data-element_type=\"section\" data-e-type=\"section\">\r\n\t\t\t\t\t\t<div class=\"elementor-container elementor-column-gap-thegem\"><div class=\"elementor-row\">\r\n\t\t\t\t\t<div class=\"elementor-column elementor-col-50 elementor-inner-column elementor-element elementor-element-6a3b6fc6\" data-id=\"6a3b6fc6\" data-element_type=\"column\" data-e-type=\"column\" data-settings=\"{&quot;thegem_inline_elements&quot;:&quot;yes&quot;}\">\n\t\t\t<div class=\"elementor-widget-wrap elementor-element-populated\">\n\t\t\t\t\t\t<div class=\"elementor-element elementor-element-56fd15ef flex-horizontal-align-default flex-horizontal-align-tablet-default flex-horizontal-align-mobile-default flex-vertical-align-default flex-vertical-align-tablet-default flex-vertical-align-mobile-default elementor-widget elementor-widget-heading\" data-id=\"56fd15ef\" data-element_type=\"widget\" data-e-type=\"widget\" data-widget_type=\"heading.default\">\n\t\t\t\t\t<div class=\"title-h3 light elementor-heading-title elementor-size-default\">Herausforderungen meistern mit dem Lepton 5100<\/div>\t\t\t\t<\/div>\n\t\t\t\t<div class=\"elementor-element elementor-element-27f2617f flex-horizontal-align-default flex-horizontal-align-tablet-default flex-horizontal-align-mobile-default flex-vertical-align-default flex-vertical-align-tablet-default flex-vertical-align-mobile-default elementor-widget elementor-widget-heading\" data-id=\"27f2617f\" data-element_type=\"widget\" data-e-type=\"widget\" data-widget_type=\"heading.default\">\n\t\t\t\t\t<div class=\"title-h1 elementor-heading-title elementor-size-default\">Prim\u00e4rholz<\/div>\t\t\t\t<\/div>\n\t\t\t\t<div class=\"elementor-element elementor-element-568f6450 flex-horizontal-align-default flex-horizontal-align-tablet-default flex-horizontal-align-mobile-default flex-vertical-align-default flex-vertical-align-tablet-default flex-vertical-align-mobile-default elementor-widget elementor-widget-text-editor\" data-id=\"568f6450\" data-element_type=\"widget\" data-e-type=\"widget\" data-widget_type=\"text-editor.default\">\n\t\t\t\t\t\t\t\t\t\t\t\t<div class=\"elementor-text-editor elementor-clearfix\">\r\n\t\t\t\t\t\tEs handelt sich hierbei um Holz, das direkt aus der Forstwirtschaft oder als Nebenprodukt der Holzindustrie stammt und nicht durch den Gebrauch als Produkt abgenutzt wurde. Dieses Holz kann ebenfalls als Biomasse zur Energiegewinnung, als Einstreu oder als Bodenbelag auf Spielpl\u00e4tzen und in G\u00e4rten verwendet werden. Beispiele daf\u00fcr sind Holzhackschnitzel, Rindenmulch, Wurzelmaterial, Waldbodeneinstreu und Landschaftspflegematerial. Die Nutzung von Prim\u00e4rholz ist ein wichtiger Bestandteil der nachhaltigen Energiegewinnung, Tierhaltung und Landschaftsgestaltung. Allerdings gibt es bei der Trennung solcher Materialien einige Herausforderungen zu bew\u00e4ltigen. Ein hoher Materialdurchsatz erfordert leistungsstarke und effiziente Technologien, um das Holz in gro\u00dfen Mengen zuverl\u00e4ssig zu verarbeiten. Besonders problematisch ist die starke Staubentwicklung beim Zerkleinern des Materials, was sowohl den Anlagenbetrieb als auch die Umwelt beeintr\u00e4chtigen kann. Alzinger Recyclingtechnik bietet mit dem Lepton 5100 eine moderne L\u00f6sung an, die diese Herausforderungen effektiv bew\u00e4ltigt. Durch den Einsatz einer Wasserspr\u00fchanlage im Siebdeck 1 wird der Staub direkt bei der Entstehung gebunden. Die Siebdecks mit Siebwalzen erm\u00f6glicht im Vergleich zu herk\u00f6mmlichen Trommelsieben einen h\u00f6heren Durchsatz. \n\t\t\t\t\t\t\t<\/div>\r\n\t\t\t\t\t\t\t\t\t\t<\/div>\n\t\t\t\t\t<\/div>\n\t\t<\/div>\n\t\t\t\t<div class=\"elementor-column elementor-col-50 elementor-inner-column elementor-element elementor-element-32054cff\" data-id=\"32054cff\" data-element_type=\"column\" data-e-type=\"column\" data-settings=\"{&quot;thegem_inline_elements&quot;:&quot;yes&quot;}\">\n\t\t\t<div class=\"elementor-widget-wrap elementor-element-populated\">\n\t\t\t\t\t\t<div class=\"elementor-element elementor-element-3f438219 flex-horizontal-align-default flex-horizontal-align-tablet-default flex-horizontal-align-mobile-default flex-vertical-align-default flex-vertical-align-tablet-default flex-vertical-align-mobile-default elementor-widget elementor-widget-thegem-styledimage\" data-id=\"3f438219\" data-element_type=\"widget\" data-e-type=\"widget\" data-settings=\"{&quot;image&quot;:{&quot;url&quot;:&quot;http:\\\/\\\/alzinger-recyclingtechnik.com\\\/wp-content\\\/uploads\\\/2025\\\/09\\\/Bandanordnung_neu_2.webp&quot;,&quot;id&quot;:31257,&quot;size&quot;:&quot;&quot;,&quot;alt&quot;:&quot;&quot;,&quot;source&quot;:&quot;library&quot;},&quot;thegem_elementor_preset&quot;:&quot;default&quot;,&quot;image_position&quot;:&quot;left&quot;}\" data-widget_type=\"thegem-styledimage.default\">\n\t\t\t\t<div class=\"elementor-widget-container\">\n\t\t\t\t\t\n<div class=\"styled-image-wrapper\">\n\t\t\t<div class=\"gem-image gem-wrapbox gem-wrapbox-default gem-wrapbox-position-left lazy-loading \">\n\t\t\t<div class=\"gem-wrapbox-inner  lazy-loading-item\"  data-ll-effect=\"move-up\">\n\t\t\t\t\t\t\t\t\t<img class=\"gem-wrapbox-element img-responsive \"\n\t\t\t\t\t\t src=\"https:\/\/alzinger-recyclingtechnik.com\/wp-content\/uploads\/2025\/09\/Bandanordnung_neu_2.webp\"\n\t\t\t\t\t\t alt=\"Bandanordnung_neu_2\">\n\t\t\t\t\t\t\t\t<\/div>\n\t\t<\/div>\n\t\t<\/div>\n\n\n\t\n\t\t\t\t\t\t<\/div>\n\t\t\t\t<\/div>\n\t\t\t\t\t<\/div>\n\t\t<\/div>\n\t\t\t\t\t<\/div><\/div>\r\n\t\t<\/section>\r\n\t\t\t\t\t<\/div>\n\t\t<\/div>\n\t\t\t\t\t<\/div><\/div>\r\n\t\t<\/section>\r\n\t\t\t\t<main class=\"elementor-section elementor-top-section elementor-element elementor-element-7c13777 elementor-section-content-middle elementor-section-boxed elementor-section-height-default elementor-section-height-default elementor-invisible\" data-id=\"7c13777\" data-element_type=\"section\" data-e-type=\"section\" id=\"link\" data-settings=\"{&quot;animation&quot;:&quot;fadeIn&quot;}\">\r\n\t\t\t\t\t\t<div class=\"elementor-container elementor-column-gap-thegem\"><div class=\"elementor-row\">\r\n\t\t\t\t\t<div class=\"elementor-column elementor-col-50 elementor-top-column elementor-element elementor-element-b4c9cbe\" data-id=\"b4c9cbe\" data-element_type=\"column\" data-e-type=\"column\" data-settings=\"{&quot;thegem_inline_elements&quot;:&quot;yes&quot;}\">\n\t\t\t<div class=\"elementor-widget-wrap elementor-element-populated\">\n\t\t\t\t\t\t<div class=\"elementor-element elementor-element-0b15ee0 flex-horizontal-align-default flex-horizontal-align-tablet-default flex-horizontal-align-mobile-default flex-vertical-align-default flex-vertical-align-tablet-default flex-vertical-align-mobile-default elementor-widget elementor-widget-heading\" data-id=\"0b15ee0\" data-element_type=\"widget\" data-e-type=\"widget\" data-widget_type=\"heading.default\">\n\t\t\t\t\t<div class=\"title-h4 elementor-heading-title elementor-size-default\">alzinger recyclingtechnik<\/div>\t\t\t\t<\/div>\n\t\t\t\t<div class=\"elementor-element elementor-element-1653174 flex-horizontal-align-default flex-horizontal-align-tablet-default flex-horizontal-align-mobile-default flex-vertical-align-default flex-vertical-align-tablet-default flex-vertical-align-mobile-default elementor-widget elementor-widget-heading\" data-id=\"1653174\" data-element_type=\"widget\" data-e-type=\"widget\" data-widget_type=\"heading.default\">\n\t\t\t\t\t<div class=\"title-h1 elementor-heading-title elementor-size-default\">Lepton 5100<\/div>\t\t\t\t<\/div>\n\t\t\t\t<div class=\"elementor-element elementor-element-5363ae9 flex-horizontal-align-default flex-horizontal-align-tablet-default flex-horizontal-align-mobile-default flex-vertical-align-default flex-vertical-align-tablet-default flex-vertical-align-mobile-default elementor-widget elementor-widget-image\" data-id=\"5363ae9\" data-element_type=\"widget\" data-e-type=\"widget\" data-widget_type=\"image.default\">\n\t\t\t\t\t\t\t\t\t\t\t\t\t\t\t<img loading=\"lazy\" width=\"1600\" height=\"1200\" src=\"https:\/\/alzinger-recyclingtechnik.com\/wp-content\/uploads\/2025\/09\/Maschine_Primarholz.jpg\" class=\"attachment-full size-full wp-image-1981\" alt=\"\" srcset=\"https:\/\/alzinger-recyclingtechnik.com\/wp-content\/uploads\/2025\/09\/Maschine_Primarholz.jpg 1600w, https:\/\/alzinger-recyclingtechnik.com\/wp-content\/uploads\/2025\/09\/Maschine_Primarholz-300x225.jpg 300w, https:\/\/alzinger-recyclingtechnik.com\/wp-content\/uploads\/2025\/09\/Maschine_Primarholz-1024x768.jpg 1024w, https:\/\/alzinger-recyclingtechnik.com\/wp-content\/uploads\/2025\/09\/Maschine_Primarholz-768x576.jpg 768w, https:\/\/alzinger-recyclingtechnik.com\/wp-content\/uploads\/2025\/09\/Maschine_Primarholz-1536x1152.jpg 1536w\" sizes=\"(max-width: 1600px) 100vw, 1600px\" \/>\t\t\t\t\t\t\t\t\t\t\t\t\t\t\t<\/div>\n\t\t\t\t\t<\/div>\n\t\t<\/div>\n\t\t\t\t<div class=\"elementor-column elementor-col-50 elementor-top-column elementor-element elementor-element-bd5894e\" data-id=\"bd5894e\" data-element_type=\"column\" data-e-type=\"column\" data-settings=\"{&quot;thegem_inline_elements&quot;:&quot;yes&quot;}\">\n\t\t\t<div class=\"elementor-widget-wrap elementor-element-populated\">\n\t\t\t\t\t\t<div class=\"elementor-element elementor-element-0faf46a flex-horizontal-align-default flex-horizontal-align-tablet-default flex-horizontal-align-mobile-default flex-vertical-align-default flex-vertical-align-tablet-default flex-vertical-align-mobile-default elementor-widget elementor-widget-heading\" data-id=\"0faf46a\" data-element_type=\"widget\" data-e-type=\"widget\" data-widget_type=\"heading.default\">\n\t\t\t\t\t<h2 class=\"elementor-heading-title elementor-size-default\">Maschinenkonfiguration<\/h2>\t\t\t\t<\/div>\n\t\t\t\t<div class=\"elementor-element elementor-element-00c33fa flex-horizontal-align-default flex-horizontal-align-tablet-default flex-horizontal-align-mobile-default flex-vertical-align-default flex-vertical-align-tablet-default flex-vertical-align-mobile-default elementor-widget elementor-widget-text-editor\" data-id=\"00c33fa\" data-element_type=\"widget\" data-e-type=\"widget\" data-widget_type=\"text-editor.default\">\n\t\t\t\t\t\t\t\t\t\t\t\t<div class=\"elementor-text-editor elementor-clearfix\">\r\n\t\t\t\t\t\t<ul><li>Bunker mit Dosierwalze zum Auflockern des Ausgangsmaterial<\/li><li>Siebdecks mit Siebwalzen bieten einen h\u00f6heren Materialdurchsatz gegen\u00fcber Trommelsieben<\/li><li>Siebdeck 1 mit Teilung 36mm und Siebdeck 2 mit Teilung 22mm um Material bestm\u00f6glich f\u00fcr die Weiterverarbeitung auftrennen zu k\u00f6nnen<\/li><li>Siebdeck 1 Band gerade erleichtert die Ausbringung sperriger Stoffe wie \u00c4ste<\/li><li>Grobkornband 1 und 2 zum Abscheiden und Auftrennen grober Bestandteile wie Steine und Holz<\/li><li>Wasserspr\u00fchanlage im Siebdeck 1 zur Staubbindung<\/li><li>Hydraulische Bunkerklappe zur Bef\u00fcllung durch F\u00f6rderb\u00e4nder<\/li><li>Lichtpaket LED f\u00fcr lange Arbeitstage<\/li><li>Dieselelektrisch- oder vollelektrischer Antrieb der Maschine<\/li><li>Funkfernsteuerung zur komfortablen Bedienung und \u00dcberwachung der Maschine<\/li><\/ul>\t\t\t\t\t\t\t<\/div>\r\n\t\t\t\t\t\t\t\t\t\t<\/div>\n\t\t\t\t<div class=\"elementor-element elementor-element-f1d07fe elementor-widget-tablet__width-auto flex-horizontal-align-default flex-horizontal-align-tablet-default flex-horizontal-align-mobile-default flex-vertical-align-default flex-vertical-align-tablet-default flex-vertical-align-mobile-default elementor-widget elementor-widget-thegem-styledbutton\" data-id=\"f1d07fe\" data-element_type=\"widget\" data-e-type=\"widget\" data-settings=\"{&quot;effects_enabled&quot;:&quot;yes&quot;,&quot;thegem_button_skin&quot;:&quot;flat&quot;}\" data-widget_type=\"thegem-styledbutton.default\">\n\t\t\t\t<div class=\"elementor-widget-container\">\n\t\t\t\t\t\n<div class=\"gem-button-container gem-widget-button lazy-loading\">\n\n\t\t<a class=\"lazy-loading-item gem-button gem-button-size-small gem-button-text-weight-bold gem-button-style-flat\" data-ll-effect=\"drop-right-without-wrap\" href=\"https:\/\/alzinger-recyclingtechnik.com\/produkte\/\">\n\t\t<span class=\"gem-inner-wrapper-btn\">\n\t\t\t\t\t\t<span class=\"gem-text-button\">\n\t\t\t\tJetzt ansehen\t\t\t<\/span>\n\t\t<\/span>\n\t<\/a>\n\n\t\n<\/div>\t\t\t\t<\/div>\n\t\t\t\t<\/div>\n\t\t\t\t\t<\/div>\n\t\t<\/div>\n\t\t\t\t\t<\/div><\/div>\r\n\t\t<\/main>\r\n\t\t\t\t<\/div>\n\t\t","protected":false},"excerpt":{"rendered":"<p>Kernpunkte Enorme Staubbelastung Beim Zerkleinern von Holz entsteht feiner Staub. Durch eine Wasserspr\u00fchanlage wird dieser direkt gebunden, wodurch Umwelt und&#8230;<\/p>\n","protected":false},"author":1,"featured_media":0,"parent":0,"menu_order":0,"comment_status":"closed","ping_status":"closed","template":"page-fullwidth.php","meta":{"footnotes":""},"class_list":["post-31769","page","type-page","status-publish"],"_links":{"self":[{"href":"https:\/\/alzinger-recyclingtechnik.com\/pl\/wp-json\/wp\/v2\/pages\/31769","targetHints":{"allow":["GET"]}}],"collection":[{"href":"https:\/\/alzinger-recyclingtechnik.com\/pl\/wp-json\/wp\/v2\/pages"}],"about":[{"href":"https:\/\/alzinger-recyclingtechnik.com\/pl\/wp-json\/wp\/v2\/types\/page"}],"author":[{"embeddable":true,"href":"https:\/\/alzinger-recyclingtechnik.com\/pl\/wp-json\/wp\/v2\/users\/1"}],"replies":[{"embeddable":true,"href":"https:\/\/alzinger-recyclingtechnik.com\/pl\/wp-json\/wp\/v2\/comments?post=31769"}],"version-history":[{"count":28,"href":"https:\/\/alzinger-recyclingtechnik.com\/pl\/wp-json\/wp\/v2\/pages\/31769\/revisions"}],"predecessor-version":[{"id":33405,"href":"https:\/\/alzinger-recyclingtechnik.com\/pl\/wp-json\/wp\/v2\/pages\/31769\/revisions\/33405"}],"wp:attachment":[{"href":"https:\/\/alzinger-recyclingtechnik.com\/pl\/wp-json\/wp\/v2\/media?parent=31769"}],"curies":[{"name":"wp","href":"https:\/\/api.w.org\/{rel}","templated":true}]}}