{"id":985,"date":"2019-10-16T17:52:14","date_gmt":"2019-10-16T17:52:14","guid":{"rendered":"https:\/\/democontent.codex-themes.com\/sites-elementor-v5\/building-construction\/?page_id=985"},"modified":"2026-03-24T08:02:18","modified_gmt":"2026-03-24T08:02:18","slug":"home","status":"publish","type":"page","link":"https:\/\/alzinger-recyclingtechnik.com\/home\/","title":{"rendered":"Startseite"},"content":{"rendered":"\t\t<div data-elementor-type=\"wp-page\" data-elementor-id=\"985\" class=\"elementor elementor-985\" data-elementor-post-type=\"page\">\n\t\t\t\t<main class=\"elementor-element elementor-element-37cef72 thegem-e-con-layout-thegem e-flex e-con-boxed elementor-invisible e-con e-parent\" data-id=\"37cef72\" data-element_type=\"container\" id=\"link\" data-settings=\"{&quot;animation&quot;:&quot;fadeIn&quot;,&quot;thegem_container_layout&quot;:&quot;thegem&quot;}\">\r\n\t\t\t\t\t<div class=\"e-con-inner\">\r\n\t\t<div class=\"elementor-element elementor-element-13d8761 e-con-full thegem-e-con-layout-thegem e-flex e-con e-child\" data-id=\"13d8761\" data-element_type=\"container\" data-settings=\"{&quot;thegem_container_layout&quot;:&quot;thegem&quot;}\">\r\n\t\t\t\t<div class=\"elementor-element elementor-element-f7e7f23 flex-horizontal-align-default flex-horizontal-align-tablet-default flex-horizontal-align-mobile-default flex-vertical-align-default flex-vertical-align-tablet-default flex-vertical-align-mobile-default elementor-widget elementor-widget-heading\" data-id=\"f7e7f23\" data-element_type=\"widget\" data-widget_type=\"heading.default\">\n\t\t\t\t\t<div class=\"title-h4 elementor-heading-title elementor-size-default\">alzinger recyclingtechnik<\/div>\t\t\t\t<\/div>\n\t\t\t\t<div class=\"elementor-element elementor-element-b401001 flex-horizontal-align-default flex-horizontal-align-tablet-default flex-horizontal-align-mobile-default flex-vertical-align-default flex-vertical-align-tablet-default flex-vertical-align-mobile-default elementor-widget elementor-widget-heading\" data-id=\"b401001\" data-element_type=\"widget\" data-widget_type=\"heading.default\">\n\t\t\t\t\t<div class=\"title-h1 elementor-heading-title elementor-size-default\">Lepton 5100<\/div>\t\t\t\t<\/div>\n\t\t\t\t<div class=\"elementor-element elementor-element-33021d2 flex-horizontal-align-default flex-horizontal-align-tablet-default flex-horizontal-align-mobile-default flex-vertical-align-default flex-vertical-align-tablet-default flex-vertical-align-mobile-default elementor-widget elementor-widget-image\" data-id=\"33021d2\" data-element_type=\"widget\" data-widget_type=\"image.default\">\n\t\t\t\t\t\t\t\t\t\t\t\t\t\t\t<img fetchpriority=\"high\" width=\"1600\" height=\"1200\" src=\"https:\/\/alzinger-recyclingtechnik.com\/wp-content\/uploads\/2025\/09\/Maschine_Primarholz.jpg\" class=\"attachment-full size-full wp-image-1981\" alt=\"\" srcset=\"https:\/\/alzinger-recyclingtechnik.com\/wp-content\/uploads\/2025\/09\/Maschine_Primarholz.jpg 1600w, https:\/\/alzinger-recyclingtechnik.com\/wp-content\/uploads\/2025\/09\/Maschine_Primarholz-300x225.jpg 300w, https:\/\/alzinger-recyclingtechnik.com\/wp-content\/uploads\/2025\/09\/Maschine_Primarholz-1024x768.jpg 1024w, https:\/\/alzinger-recyclingtechnik.com\/wp-content\/uploads\/2025\/09\/Maschine_Primarholz-768x576.jpg 768w, https:\/\/alzinger-recyclingtechnik.com\/wp-content\/uploads\/2025\/09\/Maschine_Primarholz-1536x1152.jpg 1536w\" sizes=\"(max-width: 1600px) 100vw, 1600px\" \/>\t\t\t\t\t\t\t\t\t\t\t\t\t\t\t<\/div>\n\t\t\t\t<\/div>\n\t\t<div class=\"elementor-element elementor-element-41ca209 e-con-full thegem-e-con-layout-thegem e-flex e-con e-child\" data-id=\"41ca209\" data-element_type=\"container\" data-settings=\"{&quot;thegem_container_layout&quot;:&quot;thegem&quot;}\">\r\n\t\t\t\t<div class=\"elementor-element elementor-element-cc4cf77 flex-horizontal-align-default flex-horizontal-align-tablet-default flex-horizontal-align-mobile-default flex-vertical-align-default flex-vertical-align-tablet-default flex-vertical-align-mobile-default elementor-widget elementor-widget-heading\" data-id=\"cc4cf77\" data-element_type=\"widget\" data-widget_type=\"heading.default\">\n\t\t\t\t\t<h4 class=\"elementor-heading-title elementor-size-default\">mobiler scheibenseparator<\/h4>\t\t\t\t<\/div>\n\t\t\t\t<div class=\"elementor-element elementor-element-6052532 flex-horizontal-align-default flex-horizontal-align-tablet-default flex-horizontal-align-mobile-default flex-vertical-align-default flex-vertical-align-tablet-default flex-vertical-align-mobile-default elementor-widget elementor-widget-text-editor\" data-id=\"6052532\" data-element_type=\"widget\" data-widget_type=\"text-editor.default\">\n\t\t\t\t\t\t\t\t\t\t\t\t<div class=\"elementor-text-editor elementor-clearfix\">\r\n\t\t\t\t\t\t<p>Der Lepton 5100 ist ein mobiler Scheibenseparator, der mit einem oder zwei Siebdecks ausgestattet werden kann und damit\u00a0 Biomasse, organische Abf\u00e4lle, Kompost, Sperrm\u00fcll oder Siedlungsabf\u00e4lle zuverl\u00e4ssig in bis zu f\u00fcnf Fraktionen trennt. Zusatzausstattungen wie ein Absaugsystem oder ein Magnetabscheider erh\u00f6hen die Trennqualit\u00e4t, indem sie Verunreinigungen wie Kunststofffolien oder N\u00e4gel direkt aus dem gesiebten Material entfernen.<\/p><p>Dank seiner kompakten, mobilen Bauweise l\u00e4sst sich der Lepton 5100 leicht bewegen. Seine Stra\u00dfenzulassung erm\u00f6glicht einen unkomplizierten Transport auf \u00f6ffentlichen Stra\u00dfen. F\u00fcr maximale Flexibilit\u00e4t ist der Lepton 5100 auch als Raupenmaschine erh\u00e4ltlich, sodass das System ohne zus\u00e4tzliche Fahrzeuge bewegt werden kann.<\/p>\t\t\t\t\t\t\t<\/div>\r\n\t\t\t\t\t\t\t\t\t\t<\/div>\n\t\t\t\t<div class=\"elementor-element elementor-element-37173f3 elementor-widget-tablet__width-auto flex-horizontal-align-default flex-horizontal-align-tablet-default flex-horizontal-align-mobile-default flex-vertical-align-default flex-vertical-align-tablet-default flex-vertical-align-mobile-default elementor-widget elementor-widget-thegem-styledbutton\" data-id=\"37173f3\" data-element_type=\"widget\" data-settings=\"{&quot;effects_enabled&quot;:&quot;yes&quot;,&quot;thegem_button_skin&quot;:&quot;flat&quot;}\" data-widget_type=\"thegem-styledbutton.default\">\n\t\t\t\t<div class=\"elementor-widget-container\">\n\t\t\t\t\t\n<div class=\"gem-button-container gem-widget-button lazy-loading\">\n\n\t\t<a class=\"lazy-loading-item gem-button gem-button-size-small gem-button-text-weight-bold gem-button-style-flat\" data-ll-effect=\"drop-right-without-wrap\" href=\"https:\/\/alzinger-recyclingtechnik.com\/produkte\/\">\n\t\t<span class=\"gem-inner-wrapper-btn\">\n\t\t\t\t\t\t<span class=\"gem-text-button\">\n\t\t\t\tMehr erfahren\t\t\t<\/span>\n\t\t<\/span>\n\t<\/a>\n\n\t\n<\/div>\t\t\t\t<\/div>\n\t\t\t\t<\/div>\n\t\t\t\t<\/div>\n\t\t\t\t\t<\/div>\n\t\t\t\t<\/main>\n\t\t\t\t<section class=\"elementor-section elementor-top-section elementor-element elementor-element-50d85ee2 elementor-section-full_width elementor-section-height-default elementor-section-height-default\" data-id=\"50d85ee2\" data-element_type=\"section\" data-settings=\"{&quot;background_background&quot;:&quot;classic&quot;}\">\r\n\t\t\t\t\t\t<div class=\"elementor-container elementor-column-gap-thegem\"><div class=\"elementor-row\">\r\n\t\t\t\t\t<div class=\"elementor-column elementor-col-100 elementor-top-column elementor-element elementor-element-4fea001\" data-id=\"4fea001\" data-element_type=\"column\" data-settings=\"{&quot;thegem_inline_elements&quot;:&quot;yes&quot;}\">\n\t\t\t<div class=\"elementor-widget-wrap elementor-element-populated\">\n\t\t\t\t\t\t<div class=\"elementor-element elementor-element-e8ae7c0 elementor-arrows-position-inside elementor-pagination-position-outside flex-horizontal-align-default flex-horizontal-align-tablet-default flex-horizontal-align-mobile-default flex-vertical-align-default flex-vertical-align-tablet-default flex-vertical-align-mobile-default elementor-widget elementor-widget-image-carousel\" data-id=\"e8ae7c0\" data-element_type=\"widget\" data-settings=\"{&quot;navigation&quot;:&quot;both&quot;,&quot;autoplay&quot;:&quot;yes&quot;,&quot;pause_on_hover&quot;:&quot;yes&quot;,&quot;pause_on_interaction&quot;:&quot;yes&quot;,&quot;autoplay_speed&quot;:5000,&quot;infinite&quot;:&quot;yes&quot;,&quot;speed&quot;:500,&quot;image_spacing_custom&quot;:{&quot;unit&quot;:&quot;px&quot;,&quot;size&quot;:20,&quot;sizes&quot;:[]},&quot;image_spacing_custom_tablet&quot;:{&quot;unit&quot;:&quot;px&quot;,&quot;size&quot;:&quot;&quot;,&quot;sizes&quot;:[]},&quot;image_spacing_custom_mobile&quot;:{&quot;unit&quot;:&quot;px&quot;,&quot;size&quot;:&quot;&quot;,&quot;sizes&quot;:[]}}\" data-widget_type=\"image-carousel.default\">\n\t\t\t\t\t\t\t<div class=\"elementor-image-carousel-wrapper swiper\" role=\"region\" aria-roledescription=\"carousel\" aria-label=\"Bild Karussell\" dir=\"ltr\">\n\t\t\t<div class=\"elementor-image-carousel swiper-wrapper\" aria-live=\"off\">\n\t\t\t\t\t\t\t\t<div class=\"swiper-slide\" role=\"group\" aria-roledescription=\"slide\" aria-label=\"1 von 9\"><figure class=\"swiper-slide-inner\"><img class=\"swiper-slide-image\" src=\"https:\/\/alzinger-recyclingtechnik.com\/wp-content\/uploads\/2025\/09\/Lepton_1.jpeg\" alt=\"Lepton_1\" \/><\/figure><\/div><div class=\"swiper-slide\" role=\"group\" aria-roledescription=\"slide\" aria-label=\"2 von 9\"><figure class=\"swiper-slide-inner\"><img class=\"swiper-slide-image\" src=\"https:\/\/alzinger-recyclingtechnik.com\/wp-content\/uploads\/2025\/09\/Lepton_14.jpg\" alt=\"Lepton_14\" \/><\/figure><\/div><div class=\"swiper-slide\" role=\"group\" aria-roledescription=\"slide\" aria-label=\"3 von 9\"><figure class=\"swiper-slide-inner\"><img class=\"swiper-slide-image\" src=\"https:\/\/alzinger-recyclingtechnik.com\/wp-content\/uploads\/2025\/09\/Ausstattung_Volumenmessung.jpg\" alt=\"Ausstattung_Volumenmessung\" \/><\/figure><\/div><div class=\"swiper-slide\" role=\"group\" aria-roledescription=\"slide\" aria-label=\"4 von 9\"><figure class=\"swiper-slide-inner\"><img class=\"swiper-slide-image\" src=\"https:\/\/alzinger-recyclingtechnik.com\/wp-content\/uploads\/2025\/09\/Lepton_6.jpeg\" alt=\"Lepton_6\" \/><\/figure><\/div><div class=\"swiper-slide\" role=\"group\" aria-roledescription=\"slide\" aria-label=\"5 von 9\"><figure class=\"swiper-slide-inner\"><img class=\"swiper-slide-image\" src=\"https:\/\/alzinger-recyclingtechnik.com\/wp-content\/uploads\/2025\/09\/Lepton_2.jpeg\" alt=\"Lepton_2\" \/><\/figure><\/div><div class=\"swiper-slide\" role=\"group\" aria-roledescription=\"slide\" aria-label=\"6 von 9\"><figure class=\"swiper-slide-inner\"><img class=\"swiper-slide-image\" src=\"https:\/\/alzinger-recyclingtechnik.com\/wp-content\/uploads\/2025\/09\/Lepton_3.webp\" alt=\"Lepton_3\" \/><\/figure><\/div><div class=\"swiper-slide\" role=\"group\" aria-roledescription=\"slide\" aria-label=\"7 von 9\"><figure class=\"swiper-slide-inner\"><img class=\"swiper-slide-image\" src=\"https:\/\/alzinger-recyclingtechnik.com\/wp-content\/uploads\/2025\/09\/Bandanordnung_neu_2.webp\" alt=\"Bandanordnung_neu_2\" \/><\/figure><\/div><div class=\"swiper-slide\" role=\"group\" aria-roledescription=\"slide\" aria-label=\"8 von 9\"><figure class=\"swiper-slide-inner\"><img class=\"swiper-slide-image\" src=\"https:\/\/alzinger-recyclingtechnik.com\/wp-content\/uploads\/2026\/03\/Altholz-Schredder-1.png\" alt=\"Altholz Schredder\" \/><\/figure><\/div><div class=\"swiper-slide\" role=\"group\" aria-roledescription=\"slide\" aria-label=\"9 von 9\"><figure class=\"swiper-slide-inner\"><img class=\"swiper-slide-image\" src=\"https:\/\/alzinger-recyclingtechnik.com\/wp-content\/uploads\/2026\/03\/Lepton-ScanPole-1.png\" alt=\"Lepton ScanPole\" \/><\/figure><\/div>\t\t\t<\/div>\n\t\t\t\t\t\t\t\t\t\t\t\t<div class=\"elementor-swiper-button elementor-swiper-button-prev\" role=\"button\" tabindex=\"0\">\n\t\t\t\t\t\t<svg aria-hidden=\"true\" class=\"e-font-icon-svg e-eicon-chevron-left\" viewBox=\"0 0 1000 1000\" xmlns=\"http:\/\/www.w3.org\/2000\/svg\"><path d=\"M646 125C629 125 613 133 604 142L308 442C296 454 292 471 292 487 292 504 296 521 308 533L604 854C617 867 629 875 646 875 663 875 679 871 692 858 704 846 713 829 713 812 713 796 708 779 692 767L438 487 692 225C700 217 708 204 708 187 708 171 704 154 692 142 675 129 663 125 646 125Z\"><\/path><\/svg>\t\t\t\t\t<\/div>\n\t\t\t\t\t<div class=\"elementor-swiper-button elementor-swiper-button-next\" role=\"button\" tabindex=\"0\">\n\t\t\t\t\t\t<svg aria-hidden=\"true\" class=\"e-font-icon-svg e-eicon-chevron-right\" viewBox=\"0 0 1000 1000\" xmlns=\"http:\/\/www.w3.org\/2000\/svg\"><path d=\"M696 533C708 521 713 504 713 487 713 471 708 454 696 446L400 146C388 133 375 125 354 125 338 125 325 129 313 142 300 154 292 171 292 187 292 204 296 221 308 233L563 492 304 771C292 783 288 800 288 817 288 833 296 850 308 863 321 871 338 875 354 875 371 875 388 867 400 854L696 533Z\"><\/path><\/svg>\t\t\t\t\t<\/div>\n\t\t\t\t\n\t\t\t\t\t\t\t\t\t<div class=\"swiper-pagination\"><\/div>\n\t\t\t\t\t\t\t\t\t<\/div>\n\t\t\t\t\t\t<\/div>\n\t\t\t\t\t<\/div>\n\t\t<\/div>\n\t\t\t\t\t<\/div><\/div>\r\n\t\t<\/section>\r\n\t\t<div class=\"elementor-element elementor-element-a6d9f4a e-con-full thegem-e-con-layout-thegem e-flex e-con e-parent\" data-id=\"a6d9f4a\" data-element_type=\"container\" data-settings=\"{&quot;thegem_container_layout&quot;:&quot;thegem&quot;}\">\r\n\t\t\t\t<div class=\"elementor-element elementor-element-fd0e8ba flex-horizontal-align-default flex-horizontal-align-tablet-default flex-horizontal-align-mobile-default flex-vertical-align-default flex-vertical-align-tablet-default flex-vertical-align-mobile-default elementor-widget elementor-widget-heading\" data-id=\"fd0e8ba\" data-element_type=\"widget\" data-widget_type=\"heading.default\">\n\t\t\t\t\t<h2 class=\"elementor-heading-title elementor-size-default\">Das ist Alzinger<\/h2>\t\t\t\t<\/div>\n\t\t\t\t<div class=\"elementor-element elementor-element-8154ad5 elementor-widget__width-initial flex-horizontal-align-default flex-horizontal-align-tablet-default flex-horizontal-align-mobile-default flex-vertical-align-default flex-vertical-align-tablet-default flex-vertical-align-mobile-default elementor-widget elementor-widget-text-editor\" data-id=\"8154ad5\" data-element_type=\"widget\" data-widget_type=\"text-editor.default\">\n\t\t\t\t\t\t\t\t\t\t\t\t<div class=\"elementor-text-editor elementor-clearfix\">\r\n\t\t\t\t\t\t<p>Die Alzinger Maschinenbau GmbH wurde 2018 von Richard und Martin Alzinger gegr\u00fcndet. Im Jahr 2019 stellte das Unternehmen den mobilen Scheibenseparator Lepton 5100 vor, der den Grundstein f\u00fcr die Aktivit\u00e4ten im Bereich der Recyclingtechnik legte.<\/p>\t\t\t\t\t\t\t<\/div>\r\n\t\t\t\t\t\t\t\t\t\t<\/div>\n\t\t\t\t<\/div>\n\t\t<div class=\"elementor-element elementor-element-08fae89 e-con-full thegem-e-con-layout-thegem e-flex e-con e-parent\" data-id=\"08fae89\" data-element_type=\"container\" data-settings=\"{&quot;thegem_container_layout&quot;:&quot;thegem&quot;}\">\r\n\t\t\t\t<div class=\"elementor-element elementor-element-207181d elementor-widget__width-initial flex-horizontal-align-default flex-horizontal-align-tablet-default flex-horizontal-align-mobile-default flex-vertical-align-default flex-vertical-align-tablet-default flex-vertical-align-mobile-default elementor-widget elementor-widget-video\" data-id=\"207181d\" data-element_type=\"widget\" data-settings=\"{&quot;video_type&quot;:&quot;hosted&quot;,&quot;autoplay&quot;:&quot;yes&quot;,&quot;play_on_mobile&quot;:&quot;yes&quot;,&quot;mute&quot;:&quot;yes&quot;,&quot;loop&quot;:&quot;yes&quot;}\" data-widget_type=\"video.default\">\n\t\t\t\t\t\t\t<div class=\"e-hosted-video elementor-wrapper elementor-open-inline\">\n\t\t\t\t\t<video class=\"elementor-video\" src=\"https:\/\/alzinger-recyclingtechnik.com\/wp-content\/uploads\/2026\/03\/Karriere.mp4\" autoplay=\"\" loop=\"\" muted=\"muted\" playsinline=\"\" controlsList=\"nodownload\"><\/video>\n\t\t\t\t<\/div>\n\t\t\t\t\t\t<\/div>\n\t\t\t\t<\/div>\n\t\t\t\t<\/div>\n\t\t","protected":false},"excerpt":{"rendered":"<p>alzinger recyclingtechnik Lepton 5100 mobiler scheibenseparator Der Lepton 5100 ist ein mobiler Scheibenseparator, der mit einem oder zwei Siebdecks ausgestattet&#8230;<\/p>\n","protected":false},"author":1,"featured_media":32747,"parent":0,"menu_order":0,"comment_status":"closed","ping_status":"closed","template":"","meta":{"footnotes":""},"class_list":["post-985","page","type-page","status-publish","has-post-thumbnail"],"_links":{"self":[{"href":"https:\/\/alzinger-recyclingtechnik.com\/en\/wp-json\/wp\/v2\/pages\/985","targetHints":{"allow":["GET"]}}],"collection":[{"href":"https:\/\/alzinger-recyclingtechnik.com\/en\/wp-json\/wp\/v2\/pages"}],"about":[{"href":"https:\/\/alzinger-recyclingtechnik.com\/en\/wp-json\/wp\/v2\/types\/page"}],"author":[{"embeddable":true,"href":"https:\/\/alzinger-recyclingtechnik.com\/en\/wp-json\/wp\/v2\/users\/1"}],"replies":[{"embeddable":true,"href":"https:\/\/alzinger-recyclingtechnik.com\/en\/wp-json\/wp\/v2\/comments?post=985"}],"version-history":[{"count":177,"href":"https:\/\/alzinger-recyclingtechnik.com\/en\/wp-json\/wp\/v2\/pages\/985\/revisions"}],"predecessor-version":[{"id":33284,"href":"https:\/\/alzinger-recyclingtechnik.com\/en\/wp-json\/wp\/v2\/pages\/985\/revisions\/33284"}],"wp:featuredmedia":[{"embeddable":true,"href":"https:\/\/alzinger-recyclingtechnik.com\/en\/wp-json\/wp\/v2\/media\/32747"}],"wp:attachment":[{"href":"https:\/\/alzinger-recyclingtechnik.com\/en\/wp-json\/wp\/v2\/media?parent=985"}],"curies":[{"name":"wp","href":"https:\/\/api.w.org\/{rel}","templated":true}]}}